{"id":18,"date":"2017-11-17T18:20:56","date_gmt":"2017-11-17T17:20:56","guid":{"rendered":"http:\/\/romanistisches-kolloquium.de\/dlv\/?page_id=18"},"modified":"2025-06-24T16:30:22","modified_gmt":"2025-06-24T14:30:22","slug":"foerderpreis","status":"publish","type":"page","link":"http:\/\/lusitanistenverband.de\/pt\/foerderpreis\/","title":{"rendered":"Pr\u00e9mio Rudolf Lind"},"content":{"rendered":"<p><\/p>\n<div class=\"csc-header csc-header-n1\">\n<div class=\"csc-header csc-header-n1\">\n<h1 class=\"csc-firstHeader\">Pr\u00e9mio Georg Rudolf Lind de Lusitan\u00edstica<\/h1>\n<\/div>\n<p class=\"bodytext\">A Associa\u00e7\u00e3o Alem\u00e3 de Lusitanistas atribui bienalmente o Pr\u00e9mio Georg Rudolf Lind de Lusitan\u00edstica a autores de teses de doutoramento ou mestrado na \u00e1rea da Lusitan\u00edstica. A cerim\u00f3nia de atribui\u00e7\u00e3o do pr\u00e9mio realiza-se durante o congresso da Associa\u00e7\u00e3o Alem\u00e3 de Lusitanistas.<\/p>\n<p class=\"bodytext\">Leia os estatutos do Pr\u00e9mio Georg Rudolf Lind de Lusitan\u00edstica (em alem\u00e3o).<\/p>\n<p><strong>\u00a7 1 Grunds\u00e4tzliches <\/strong><\/p>\n<p>Durch die gezielte Pr\u00e4miierung einer herausragenden Qualifikationsarbeit mittels Vergabe des Georg-Rudolf-Lind-F\u00f6rderpreises f\u00fcr Lusitanistik bezweckt der Deutsche Lusitanistenverband e.V. (DLV) die F\u00f6rderung des lusitanistischen Nachwuchses. Mit dem Preis, der im Namen eines der bedeutendsten Lusitanisten des 20. Jahrhunderts ausgelobt wird, will der DLV junge Wissenschaftlerinnen und Wissenschaftler f\u00f6rdern, deren Forschungen im Bereich der Lusitanistik besonders auszeichnenswert sind. Die Preisverleihung findet im zweij\u00e4hrlichen Turnus im Rahmen des Lusitanistentags statt.<\/p>\n<p><strong>\u00a7 2 Begutachtungsvoraussetzungen<\/strong><\/p>\n<p>1. Zur Begutachtung k\u00f6nnen, unter Einhaltung nachfolgender Kriterien, alle lusitanistischen Dissertationen eingereicht werden, wenn sie mindestens mit der Note sehr gut bis gut (1,5) benotet worden sind und wenn ein schriftliches Gutachten eines dem DLV-Vorstand nicht angeh\u00f6rigen Hochschullehrers vorliegt. Weiterhin k\u00f6nnen Masterarbeiten eingereicht werden, wenn sie mindestens mit der Note sehr gut bis gut (1,5) benotet worden sind und wenn ein schriftliches Gutachten eines dem DLV-Vorstand nicht angeh\u00f6rigen Hochschullehrers vorliegt, das die Arbeit zur Begutachtung und Ver\u00f6ffentlichung empfiehlt.<\/p>\n<p>2. Zwischen dem Abschluss der mit der Arbeit verbundenen Qualifizierung und der Einreichung der Arbeit zur Pr\u00e4miierung darf kein gr\u00f6\u00dferer Zeitraum als 2 Jahre liegen.<\/p>\n<p>3. Die Arbeit muss zu einem lusitanistischen Thema verfasst worden sein.<\/p>\n<p>4. Formale Voraussetzung ist, dass die Arbeit an einer Hochschule des deutschsprachigen Raums eingereicht und auf Deutsch, Portugiesisch, Galicisch, Spanisch oder Englisch verfasst worden ist.<\/p>\n<p>5. Die Frist zur Einreichung der Arbeiten ist der aktuellen Ausschreibung zu entnehmen. Zur Einreichung wird eine digitale Version erbeten. Der Vorstand beh\u00e4lt sich vor, ggf. zus\u00e4tzlich Printversionen zu erbitten.<\/p>\n<p><strong>\u00a7 3 Begutachtung<\/strong><\/p>\n<p>1. Die von den Anw\u00e4rtern auf den Georg-Rudolf-Lind-F\u00f6rderpreis f\u00fcr Lusitanistik eingereichten Arbeiten werden von dem in der entsprechenden Amtsperiode amtierenden Vorstand des Deutschen Lusitanistenverbandes begutachtet.<\/p>\n<p>2. Die Entscheidung \u00fcber die zu pr\u00e4miierenden Arbeiten wird nach erfolgter Aussprache unter den Vorstandsmitgliedern mit einfacher Mehrheit gef\u00e4llt. Der Vorstand erstellt einvernehmlich eine Rangliste mit den Namen der Kandidaten.<\/p>\n<p>3. Im Zeichen einer objektiven Beurteilung verpflichtet sich der Vorstand, Dritten gegen\u00fcber Stillschweigen bez\u00fcglich der eingereichten Arbeiten bzw. ihrer Autorinnen und Autoren zu bewahren. \\\\<\/p>\n<p>4. Der Kandidat\/die Kandidatin mit der am besten bewerteten Arbeit erh\u00e4lt den F\u00f6rderpreis, es sei denn, es best\u00fcnde ein Ausschlussgrund nach \u00a7 4. Bei Ausschluss der erstplazierten Arbeit f\u00e4llt der Preis dem N\u00e4chsten der Rangliste zu.<\/p>\n<p>5. Wer im Promotions- oder Pr\u00fcfungsverfahren als Gutachterin oder Gutachter t\u00e4tig gewesen ist, darf in der Eigenschaft als Vorstandsmitglied des DLV an der Abstimmung nicht teilnehmen, solange die Arbeit der Kandidatin bzw. des Kandidaten zur Abstimmung steht.<\/p>\n<p><strong>\u00a7 4 Ausschluss von der F\u00f6rderung<\/strong><\/p>\n<p>Sollte der durch die Qualifikationsarbeit erlangte akademische Grad nachtr\u00e4glich aberkannt werden oder wurden zur Erlangung des F\u00f6rderpreises unlautere Mittel eingesetzt, so sind Geldpreis und Urkunde unverz\u00fcglich an den DLV zur\u00fcckzugeben. In diesem Fall geht der Preis an den n\u00e4chsten Listenplatz der Rangliste.<\/p>\n<p><strong>\u00a7 5 F\u00f6rderbetrag<\/strong><\/p>\n<p>Der Georg-Rudolf-Lind-F\u00f6rderpreis f\u00fcr Lusitanistik wird alle 2 Jahre im Rahmen des Deutschen Lusitanistentags verliehen und ist von Seiten des Verbands mit 1000 Euro dotiert. Weiterhin kann der Preis durch private und institutionelle Spenden auf einen h\u00f6heren Gesamtbetrag aufgestockt werden.<\/p>\n<h6>Vorstehende Ausf\u00fchrungsbestimmungen wurden in der Vorstandssitzung des Deutschen Lusitanistenverbandes vom 26. September 2003 in Rostock verabschiedet und in der Vorstandssitzung vom 22. September 2014 in Aachen, sowie in der Vorstandssitzung vom 12.06.2025 (online) leicht modernisiert.<\/h6>\n<\/div>\n<p><\/p>","protected":false},"excerpt":{"rendered":"<p>Pr\u00e9mio Georg Rudolf Lind de Lusitan\u00edstica A Associa\u00e7\u00e3o Alem\u00e3 de Lusitanistas atribui bienalmente o Pr\u00e9mio Georg Rudolf Lind de Lusitan\u00edstica a autores de teses de doutoramento ou mestrado na \u00e1rea da Lusitan\u00edstica. A cerim\u00f3nia de atribui\u00e7\u00e3o do pr\u00e9mio realiza-se durante&hellip;<\/p>\n<p class=\"more-link-p\"><a class=\"more-link\" href=\"http:\/\/lusitanistenverband.de\/pt\/foerderpreis\/\">Read more &rarr;<\/a><\/p>\n","protected":false},"author":2,"featured_media":0,"parent":0,"menu_order":7,"comment_status":"closed","ping_status":"closed","template":"","meta":{"footnotes":""},"class_list":["post-18","page","type-page","status-publish","hentry"],"_links":{"self":[{"href":"http:\/\/lusitanistenverband.de\/pt\/wp-json\/wp\/v2\/pages\/18","targetHints":{"allow":["GET"]}}],"collection":[{"href":"http:\/\/lusitanistenverband.de\/pt\/wp-json\/wp\/v2\/pages"}],"about":[{"href":"http:\/\/lusitanistenverband.de\/pt\/wp-json\/wp\/v2\/types\/page"}],"author":[{"embeddable":true,"href":"http:\/\/lusitanistenverband.de\/pt\/wp-json\/wp\/v2\/users\/2"}],"replies":[{"embeddable":true,"href":"http:\/\/lusitanistenverband.de\/pt\/wp-json\/wp\/v2\/comments?post=18"}],"version-history":[{"count":6,"href":"http:\/\/lusitanistenverband.de\/pt\/wp-json\/wp\/v2\/pages\/18\/revisions"}],"predecessor-version":[{"id":2413,"href":"http:\/\/lusitanistenverband.de\/pt\/wp-json\/wp\/v2\/pages\/18\/revisions\/2413"}],"wp:attachment":[{"href":"http:\/\/lusitanistenverband.de\/pt\/wp-json\/wp\/v2\/media?parent=18"}],"curies":[{"name":"wp","href":"https:\/\/api.w.org\/{rel}","templated":true}]}}