{"id":377,"date":"2017-11-24T14:36:40","date_gmt":"2017-11-24T13:36:40","guid":{"rendered":"http:\/\/romanistisches-kolloquium.de\/dlv\/?page_id=377"},"modified":"2017-11-24T14:36:40","modified_gmt":"2017-11-24T13:36:40","slug":"universitaet-frankfurt","status":"publish","type":"page","link":"http:\/\/lusitanistenverband.de\/pt\/universitaeten\/universitaet-frankfurt\/","title":{"rendered":"Universit\u00e4t Frankfurt"},"content":{"rendered":"<div class=\"csc-header csc-header-n1\">\n<h1 class=\"csc-firstHeader\">Goethe-Universit\u00e4t Frankfurt<\/h1>\n<\/div>\n<p class=\"bodytext\">Die Lusitanistik ist fester Bestandteil der Romanistik und ist sowohl in der Lehre als auch in der Forschung vertreten.<\/p>\n<p class=\"bodytext\">Portugiesisch ist studierbar im Rahmen des Bachelor Romanistik sowohl im Haupt- als auch im Nebenfach mit Schwerpunkt Literatur- oder Sprachwissenschaft. Es ist geplant, Portugiesisch auch in den in Vorbereitung befindlichen Masterstudieng\u00e4ngen studierbar zu machen.<\/p>\n<p class=\"bodytext\">In jedem Semester werden sowohl im Proseminar- als auch im Hauptseminarbereich Seminare f\u00fcr Lusitanistikstudierende angeboten. Dabei findet sowohl das europ\u00e4ische als auch das brasilianische Portugiesisch Ber\u00fccksichtigung.<\/p>\n<p class=\"bodytext\"><i>Kontakt:<\/i><\/p>\n<p>Prof. Dr. Esther Rinke<br \/>\nInstitut f\u00fcr romanische Sprachen und Literaturen<br \/>\nGoethe-Universit\u00e4t<br \/>\nGr\u00fcneburgplatz 1<br \/>\n60629 Frankfurt<br \/>\nTelefon: +49 69 798 32033<br \/>\n<a class=\"mail\">E-Mail<\/a><br \/>\n<a class=\"external-link-new-window\" href=\"http:\/\/www.romanistik.uni-frankfurt.de\/index.html\" target=\"_blank\" rel=\"noopener\">Homepage<\/a><\/p>\n","protected":false},"excerpt":{"rendered":"<p>Goethe-Universit\u00e4t Frankfurt Die Lusitanistik ist fester Bestandteil der Romanistik und ist sowohl in der Lehre als auch in der Forschung vertreten. Portugiesisch ist studierbar im Rahmen des Bachelor Romanistik sowohl im Haupt- als auch im Nebenfach mit Schwerpunkt Literatur- oder&hellip;<\/p>\n<p class=\"more-link-p\"><a class=\"more-link\" href=\"http:\/\/lusitanistenverband.de\/pt\/universitaeten\/universitaet-frankfurt\/\">Read more &rarr;<\/a><\/p>\n","protected":false},"author":2,"featured_media":0,"parent":12,"menu_order":11,"comment_status":"closed","ping_status":"closed","template":"","meta":{"footnotes":""},"class_list":["post-377","page","type-page","status-publish","hentry"],"_links":{"self":[{"href":"http:\/\/lusitanistenverband.de\/pt\/wp-json\/wp\/v2\/pages\/377","targetHints":{"allow":["GET"]}}],"collection":[{"href":"http:\/\/lusitanistenverband.de\/pt\/wp-json\/wp\/v2\/pages"}],"about":[{"href":"http:\/\/lusitanistenverband.de\/pt\/wp-json\/wp\/v2\/types\/page"}],"author":[{"embeddable":true,"href":"http:\/\/lusitanistenverband.de\/pt\/wp-json\/wp\/v2\/users\/2"}],"replies":[{"embeddable":true,"href":"http:\/\/lusitanistenverband.de\/pt\/wp-json\/wp\/v2\/comments?post=377"}],"version-history":[{"count":1,"href":"http:\/\/lusitanistenverband.de\/pt\/wp-json\/wp\/v2\/pages\/377\/revisions"}],"predecessor-version":[{"id":378,"href":"http:\/\/lusitanistenverband.de\/pt\/wp-json\/wp\/v2\/pages\/377\/revisions\/378"}],"up":[{"embeddable":true,"href":"http:\/\/lusitanistenverband.de\/pt\/wp-json\/wp\/v2\/pages\/12"}],"wp:attachment":[{"href":"http:\/\/lusitanistenverband.de\/pt\/wp-json\/wp\/v2\/media?parent=377"}],"curies":[{"name":"wp","href":"https:\/\/api.w.org\/{rel}","templated":true}]}}