{"id":413,"date":"2017-11-24T14:51:37","date_gmt":"2017-11-24T13:51:37","guid":{"rendered":"http:\/\/romanistisches-kolloquium.de\/dlv\/?page_id=413"},"modified":"2017-11-24T14:51:37","modified_gmt":"2017-11-24T13:51:37","slug":"ibero-amerikanisches-forschungsseminar-der-universitaet-leipzig-iafsl","status":"publish","type":"page","link":"http:\/\/lusitanistenverband.de\/pt\/universitaeten\/universitaet-leipzig\/ibero-amerikanisches-forschungsseminar-der-universitaet-leipzig-iafsl\/","title":{"rendered":"Ibero-Amerikanisches Forschungsseminar der Universit\u00e4t Leipzig (IAFSL)"},"content":{"rendered":"<p><\/p>\n<div class=\"csc-header csc-header-n1\">\n<h1 class=\"csc-firstHeader\">Ibero-Amerikanisches Forschungsseminar der Universit\u00e4t Leipzig (IAFSL)<\/h1>\n<\/div>\n<p class=\"bodytext\">Das\u00a0IAFSL wurde im Rahmen des Instituts f\u00fcr Romanistik von Prof. Dr. Alfonso de Toro unter Mitwirkung des Instituts f\u00fcr Angewandte Linguistik und Translatologie 1994 in Leipzig gegr\u00fcndet. Es steht im Zeichen einer transdisziplin\u00e4ren Forschung, einer Zusammenarbeit \u00fcber Disziplinengrenzen hinweg mit Historikern\/innen, Politikwissenschaftlern\/innen, Soziologen\/innen, Theaterwissenschaftlern\/innen oder Kunsthistorikern\/innen.<\/p>\n<p class=\"bodytext\">Aktionsfelder und Aktivit\u00e4ten des IAFSL:\u00a0Internationale Beziehungen, Diplomatie und Politik, Beratung in den Feldern von Bildung und Ausbildung.<\/p>\n<p class=\"bodytext\">Forschung: Kulturtheorie, Postmoderne, Postkolonialit\u00e4t, Hybridit\u00e4t, Gender, Literatur und Geschichte (Entdeckungs- und Eroberungschroniken Spaniens und Portugals), Geschichte Lateinamerikas (Gewalt, politische Systeme, Staat und parastaatliche Strukturen, Hybridsysteme), Transmedialit\u00e4t (Literatur-Theater-Malerei- Film-Internet), Gender und Literatur des 18. Jahrhunderts, Maghreb- und Lateinamerika-Forschung,\u00a0Literatur- und Theaterwissenschaft, Wirtschaftsgeschichte etc.<\/p>\n<p class=\"bodytext\">Lehre:<\/p>\n<ul>\n<li>Romanistisches Bachelor basierend auf zwei romanischen Sprachen<\/li>\n<li>Transdisziplin\u00e4rer Master \u201eLateinamerika Studien\u201c (inkl. Brasilien)<\/li>\n<li>Transdisziplin\u00e4rer Master \u201eIberoromanische Studien\u201c (Spanien\/Portugal)<\/li>\n<\/ul>\n<p class=\"bodytext\"><i>Kontakt:<\/i><\/p>\n<p>Prof. Dr. Alfonso de Toro (Direktor)<br \/>\nIbero-Amerikanisches Forschungsseminar<br \/>\nInstitut f\u00fcr Romanistik<br \/>\nUniversit\u00e4t Leipzig<br \/>\nBeethovenstr. 15<br \/>\nD-04107 Leipzig<br \/>\nTel.: (0341) 9737490<br \/>\nFax: (0341) 9737498<br \/>\n<a class=\"mail\">E-Mail<\/a><br \/>\n<a class=\"external-link-new-window\" href=\"http:\/\/www.uni-leipzig.de\/~iafsl\" target=\"_blank\" rel=\"noopener\">Homepage<\/a><\/p>\n<p><\/p>","protected":false},"excerpt":{"rendered":"<p>Ibero-Amerikanisches Forschungsseminar der Universit\u00e4t Leipzig (IAFSL) Das\u00a0IAFSL wurde im Rahmen des Instituts f\u00fcr Romanistik von Prof. Dr. Alfonso de Toro unter Mitwirkung des Instituts f\u00fcr Angewandte Linguistik und Translatologie 1994 in Leipzig gegr\u00fcndet. Es steht im Zeichen einer transdisziplin\u00e4ren Forschung,&hellip;<\/p>\n<p class=\"more-link-p\"><a class=\"more-link\" href=\"http:\/\/lusitanistenverband.de\/pt\/universitaeten\/universitaet-leipzig\/ibero-amerikanisches-forschungsseminar-der-universitaet-leipzig-iafsl\/\">Read more &rarr;<\/a><\/p>\n","protected":false},"author":2,"featured_media":0,"parent":409,"menu_order":2,"comment_status":"closed","ping_status":"closed","template":"","meta":{"footnotes":""},"class_list":["post-413","page","type-page","status-publish","hentry"],"_links":{"self":[{"href":"http:\/\/lusitanistenverband.de\/pt\/wp-json\/wp\/v2\/pages\/413","targetHints":{"allow":["GET"]}}],"collection":[{"href":"http:\/\/lusitanistenverband.de\/pt\/wp-json\/wp\/v2\/pages"}],"about":[{"href":"http:\/\/lusitanistenverband.de\/pt\/wp-json\/wp\/v2\/types\/page"}],"author":[{"embeddable":true,"href":"http:\/\/lusitanistenverband.de\/pt\/wp-json\/wp\/v2\/users\/2"}],"replies":[{"embeddable":true,"href":"http:\/\/lusitanistenverband.de\/pt\/wp-json\/wp\/v2\/comments?post=413"}],"version-history":[{"count":1,"href":"http:\/\/lusitanistenverband.de\/pt\/wp-json\/wp\/v2\/pages\/413\/revisions"}],"predecessor-version":[{"id":414,"href":"http:\/\/lusitanistenverband.de\/pt\/wp-json\/wp\/v2\/pages\/413\/revisions\/414"}],"up":[{"embeddable":true,"href":"http:\/\/lusitanistenverband.de\/pt\/wp-json\/wp\/v2\/pages\/409"}],"wp:attachment":[{"href":"http:\/\/lusitanistenverband.de\/pt\/wp-json\/wp\/v2\/media?parent=413"}],"curies":[{"name":"wp","href":"https:\/\/api.w.org\/{rel}","templated":true}]}}